{"id":5012,"date":"2019-05-12T16:54:13","date_gmt":"2019-05-12T14:54:13","guid":{"rendered":"https:\/\/www.trans-o-flex.com\/trans-o-flex\/geschaeftsfuehrung\/"},"modified":"2026-03-09T10:35:01","modified_gmt":"2026-03-09T09:35:01","slug":"leadership","status":"publish","type":"page","link":"https:\/\/www.trans-o-flex.com\/en\/about-us\/leadership\/","title":{"rendered":"Leadership"},"content":{"rendered":"<div class=\"wpb-content-wrapper\"><p>[vc_section full_width=&#8221;stretch_row_content&#8221;][vc_row][vc_column][dhsv_vc_intro decoration=&#8221;true&#8221;]<\/p>\n<h1>Leadership<\/h1>\n<p>[\/dhsv_vc_intro][\/vc_column][\/vc_row][vc_row][vc_column][vc_empty_space height=&#8221;150px&#8221; mobile_height=&#8221;60px&#8221; tablet_height=&#8221;100px&#8221;][\/vc_column][\/vc_row][vc_row disable_element=&#8221;yes&#8221;][vc_column][dhsv_vc_page_anchors layout=&#8221;overlayed&#8221; anchors=&#8221;%5B%7B%22text%22%3A%22Executive%20management%22%2C%22section_id%22%3A%22executivemanagement%22%7D%5D&#8221;][\/vc_column][\/vc_row][\/vc_section][vc_section][vc_row][vc_column][vc_row_inner content_placement=&#8221;bottom&#8221;][vc_column_inner width=&#8221;1\/4&#8243;][vc_single_image image=&#8221;21216&#8243; img_size=&#8221;full&#8221;][\/vc_column_inner][vc_column_inner width=&#8221;3\/4&#8243;][vc_column_text css=&#8221;.vc_custom_1709198738370{padding-left: 35px !important;}&#8221;]<\/p>\n<p class=\"big\"><span style=\"color: #f27e00;\"><strong>Martin Reder<\/strong><\/span> has been Chief Executive Officer (CEO) since February 2024. He brings with him more than three decades of experience in operations, sales, customer service and product management at the express services companies TNT and Fedex. Most recently, he was Managing Director Special Services at Fedex Express Germany since 2017, responsible for Northern, Central and Eastern Europe in more than 20 countries. The trained logistics specialist previously held numerous management positions in the TNT organisation. Among other things, he was Managing Director of TNT Value Added Logistics (high availability logistics) and had product responsibility for the same-day service \u201cTNT HEUTE\u201d. He also developed special logistics solutions for the healthcare and pharmaceutical industries as well as for media and motor racing. As Chief Operating Officer for TNT Express Germany, he was responsible for 31 branches with around 3,500 employees.<\/p>\n<p>[\/vc_column_text][\/vc_column_inner][\/vc_row_inner][\/vc_column][\/vc_row][vc_row][vc_column][vc_empty_space height=&#8221;100px&#8221; mobile_height=&#8221;30px&#8221; tablet_height=&#8221;60px&#8221;][\/vc_column][\/vc_row][\/vc_section][vc_section][vc_row][vc_column][vc_row_inner content_placement=&#8221;bottom&#8221;][vc_column_inner width=&#8221;1\/4&#8243;][vc_single_image image=&#8221;21220&#8243; img_size=&#8221;full&#8221;][\/vc_column_inner][vc_column_inner width=&#8221;3\/4&#8243;][vc_column_text css=&#8221;.vc_custom_1666699354276{padding-left: 35px !important;}&#8221;]<\/p>\n<p class=\"big\"><span style=\"color: #f27e00;\"><strong>Eugen G\u00fcnther<\/strong><\/span> has been Chief Sales Officer (CSO) at trans-o-flex since November 2021 and speaker of the management board at trans-o-flex ThermoMed Austria GmbH since May 2022, where, as a wholesale and foreign trade specialist, he has gone on to make a solid career for himself. He started in the sales team back in 2010, before moving into key account management in 2014 and then going on to become regional sales manager for southwest Germany in 2015. In 2016, he took over the management of the sales division \u2013 initially on a temporary basis. In 2019, he was given this job on a permanent basis. Prior to joining trans-o-flex, G\u00fcnther worked for several years at TNT Express and also in sales at a company in the healthcare sector.<\/p>\n<p>[\/vc_column_text][\/vc_column_inner][\/vc_row_inner][\/vc_column][\/vc_row][vc_row][vc_column][vc_empty_space height=&#8221;100px&#8221; mobile_height=&#8221;30px&#8221; tablet_height=&#8221;60px&#8221;][\/vc_column][\/vc_row][\/vc_section][vc_section][vc_row][vc_column][vc_row_inner content_placement=&#8221;bottom&#8221;][vc_column_inner width=&#8221;1\/4&#8243;][vc_single_image image=&#8221;2452&#8243; img_size=&#8221;full&#8221;][\/vc_column_inner][vc_column_inner width=&#8221;3\/4&#8243;][vc_column_text css=&#8221;.vc_custom_1755240827577{padding-left: 35px !important;}&#8221;]<\/p>\n<p class=\"big\"><span style=\"color: #f27e00;\"><strong>Michael L\u00f6ckener<\/strong><\/span> has been Chief Operating Officer (COO) of trans-o-flex since August 2024. The qualified freight forwarding agent and certified transport specialist first joined trans-o-flex Express in 2015 as Regional Operations Manager North. In July 2018, he took over as Managing Director of trans-o-flex ThermoMed GmbH. Since April 2019, he has also served as Managing Director of trans-o-flex Training &amp; Service GmbH, which specialises in training and development. From January 2022 until his appointment as COO, he was additionally Head of Operations for trans-o-flex Express GmbH &amp; Co. KGaA, which is responsible for its day-to-day operations. L\u00f6ckener brings decades of logistics experience in the CEP (courier, express and parcel) industry to his role at trans-o-flex, having previously held various positions at the logistics service providers Fiege, TNT and GLS.<\/p>\n<p>[\/vc_column_text][\/vc_column_inner][\/vc_row_inner][\/vc_column][\/vc_row][vc_row][vc_column][vc_empty_space height=&#8221;100px&#8221; mobile_height=&#8221;30px&#8221; tablet_height=&#8221;60px&#8221;][\/vc_column][\/vc_row][\/vc_section][vc_section][vc_row][vc_column][vc_row_inner content_placement=&#8221;bottom&#8221;][vc_column_inner width=&#8221;1\/4&#8243;][vc_single_image image=&#8221;107637&#8243; img_size=&#8221;full&#8221; css=&#8221;&#8221;][\/vc_column_inner][vc_column_inner width=&#8221;3\/4&#8243;][vc_column_text css=&#8221;.vc_custom_1773048824134{padding-left: 35px !important;}&#8221;]<\/p>\n<p class=\"big\"><span style=\"color: #f27e00;\"><strong>Malte Hingst<\/strong><\/span> took over as Chief Financial Officer (CFO) at trans-o-flex effective as of 1 February 2026 The 45-year-old joins from the K\u00f6rber Supply Chain business unit of the globally active technology company K\u00f6rber AG. At K\u00f6rber he held various operational and strategic finance positions since 2011. In these roles, he managed transformation projects, international M&amp;A integrations and the further development of financial processes and ERP structures, among other things. Prior to this, the business administration graduate worked as a consultant at Ernst &amp; Young in Hamburg.<\/p>\n<p>[\/vc_column_text][\/vc_column_inner][\/vc_row_inner][\/vc_column][\/vc_row][vc_row][vc_column][vc_empty_space height=&#8221;100px&#8221; mobile_height=&#8221;30px&#8221; tablet_height=&#8221;60px&#8221;][\/vc_column][\/vc_row][\/vc_section][vc_section][vc_row][vc_column][vc_row_inner content_placement=&#8221;bottom&#8221;][vc_column_inner width=&#8221;1\/4&#8243;][vc_single_image image=&#8221;21232&#8243; img_size=&#8221;full&#8221;][\/vc_column_inner][vc_column_inner width=&#8221;3\/4&#8243;][vc_column_text css=&#8221;.vc_custom_1727341693816{padding-left: 35px !important;}&#8221;]<\/p>\n<p class=\"big\"><span style=\"color: #f27e00;\"><strong>Thomas Handlos <\/strong><\/span>has been Managing Director Operations at trans-o-flex ThermoMed Austria GmbH since 1 August 2024. Before joining trans-o-flex, he worked for two years as Key Account Manager at the Augustin Quehenberger Group. Prior to that, he held various positions at the pharmaceutical delivery service transmed in Austria, the Czech Republic, and Slovakia for over seven years. Among other roles he held, he was also the Managing Director in Austria and headed the Slovakian company in Bratislava. His career also includes positions at the logistics service provider Fiege in Vienna and Schachinger Pharmalogistik &amp; Logistik Holding, also in Vienna.<\/p>\n<p>[\/vc_column_text][\/vc_column_inner][\/vc_row_inner][\/vc_column][\/vc_row][vc_row][vc_column][vc_empty_space height=&#8221;60px&#8221; mobile_height=&#8221;30px&#8221; tablet_height=&#8221;60px&#8221;][\/vc_column][\/vc_row][\/vc_section][vc_section disable_element=&#8221;yes&#8221; el_id=&#8221;supervisoryboard&#8221;][vc_row][vc_column][vc_empty_space height=&#8221;150px&#8221; mobile_height=&#8221;30px&#8221; tablet_height=&#8221;60px&#8221;][vc_separator color=&#8221;custom&#8221; accent_color=&#8221;#676b6e&#8221;][vc_empty_space height=&#8221;100px&#8221; mobile_height=&#8221;30px&#8221; tablet_height=&#8221;60px&#8221;][vc_column_text]<\/p>\n<h2 class=\"Headline__xl--hy3op colors__black--2WSmn\"><span style=\"color: #f27e00;\">Supervisory Board<\/span><\/h2>\n<p>[\/vc_column_text][vc_empty_space height=&#8221;60px&#8221; mobile_height=&#8221;30px&#8221; tablet_height=&#8221;60px&#8221;][vc_column_text]<\/p>\n<p class=\"big\"><strong>Marie-Christine Lombard, <\/strong>Chairwoman of the Supervisory Board<\/p>\n<p class=\"big\"><strong>Christoph Schoeller, <\/strong>Deputy Chairman of the Supervisory Board<\/p>\n<p class=\"big\"><strong>Kraus Thomas,<\/strong> Member of the Supervisory Board<\/p>\n<p class=\"big\"><strong>Tarac David-Olivier,<\/strong> Member of the Supervisory Board<\/p>\n<p class=\"big\"><strong>Johannes Baratta, <\/strong>Member of the Supervisory Board<\/p>\n<p class=\"big\"><strong>Wolfgang P. Albeck,<\/strong> Member of the Supervisory Board<\/p>\n<p>[\/vc_column_text][\/vc_column][\/vc_row][vc_row][vc_column][vc_empty_space height=&#8221;60px&#8221; mobile_height=&#8221;10px&#8221; tablet_height=&#8221;30px&#8221;][\/vc_column][\/vc_row][\/vc_section][vc_row][vc_column][vc_empty_space height=&#8221;60px&#8221; mobile_height=&#8221;10px&#8221; tablet_height=&#8221;30px&#8221;][\/vc_column][\/vc_row][vc_section][vc_row][vc_column][dhsv_vc_template_element template_id=&#8221;11773&#8243;][\/vc_column][\/vc_row][\/vc_section]<\/p>\n<\/div>","protected":false},"excerpt":{"rendered":"<p>[vc_section full_width=&#8221;stretch_row_content&#8221;][vc_row][vc_column][dhsv_vc_intro decoration=&#8221;true&#8221;] Leadership [\/dhsv_vc_intro][\/vc_column][\/vc_row][vc_row][vc_column][vc_empty_space height=&#8221;150px&#8221; mobile_height=&#8221;60px&#8221; tablet_height=&#8221;100px&#8221;][\/vc_column][\/vc_row][vc_row disable_element=&#8221;yes&#8221;][vc_column][dhsv_vc_page_anchors layout=&#8221;overlayed&#8221; anchors=&#8221;%5B%7B%22text%22%3A%22Executive%20management%22%2C%22section_id%22%3A%22executivemanagement%22%7D%5D&#8221;][\/vc_column][\/vc_row][\/vc_section][vc_section][vc_row][vc_column][vc_row_inner content_placement=&#8221;bottom&#8221;][vc_column_inner width=&#8221;1\/4&#8243;][vc_single_image image=&#8221;21216&#8243; img_size=&#8221;full&#8221;][\/vc_column_inner][vc_column_inner width=&#8221;3\/4&#8243;][vc_column_text css=&#8221;.vc_custom_1709198738370{padding-left: 35px !important;}&#8221;] Martin Reder has been Chief Executive Officer (CEO) since February 2024. He brings with him more than three decades of experience in operations, sales, customer service and product management at the express services companies TNT and &hellip; <a href=\"https:\/\/www.trans-o-flex.com\/en\/about-us\/leadership\/\">Continued<\/a><\/p>\n","protected":false},"author":1,"featured_media":0,"parent":5002,"menu_order":36,"comment_status":"closed","ping_status":"closed","template":"","meta":{"_acf_changed":false,"footnotes":""},"class_list":["post-5012","page","type-page","status-publish","hentry"],"acf":[],"yoast_head":"<!-- This site is optimized with the Yoast SEO Premium plugin v26.9 (Yoast SEO v26.9) - https:\/\/yoast.com\/product\/yoast-seo-premium-wordpress\/ -->\n<title>Leadership - trans-o-flex<\/title>\n<meta name=\"description\" content=\"Here you can find out more about the executive management and supervisory boards of trans-o-flex.\" \/>\n<meta name=\"robots\" content=\"index, follow, max-snippet:-1, max-image-preview:large, max-video-preview:-1\" \/>\n<link rel=\"canonical\" href=\"https:\/\/www.trans-o-flex.com\/en\/about-us\/leadership\/\" \/>\n<meta property=\"og:locale\" content=\"en_US\" \/>\n<meta property=\"og:type\" content=\"article\" \/>\n<meta property=\"og:title\" content=\"Leadership\" \/>\n<meta property=\"og:description\" content=\"Here you can find out more about the executive management and supervisory boards of trans-o-flex.\" \/>\n<meta property=\"og:url\" content=\"https:\/\/www.trans-o-flex.com\/en\/about-us\/leadership\/\" \/>\n<meta property=\"og:site_name\" content=\"trans-o-flex\" \/>\n<meta property=\"article:modified_time\" content=\"2026-03-09T09:35:01+00:00\" \/>\n<meta property=\"og:image\" content=\"https:\/\/www.trans-o-flex.com\/wp-content\/uploads\/hero-section.jpg\" \/>\n\t<meta property=\"og:image:width\" content=\"1938\" \/>\n\t<meta property=\"og:image:height\" content=\"902\" \/>\n\t<meta property=\"og:image:type\" content=\"image\/jpeg\" \/>\n<meta name=\"twitter:card\" content=\"summary_large_image\" \/>\n<meta name=\"twitter:label1\" content=\"Est. reading time\" \/>\n\t<meta name=\"twitter:data1\" content=\"6 minutes\" \/>\n<!-- \/ Yoast SEO Premium plugin. -->","yoast_head_json":{"title":"Leadership - trans-o-flex","description":"Here you can find out more about the executive management and supervisory boards of trans-o-flex.","robots":{"index":"index","follow":"follow","max-snippet":"max-snippet:-1","max-image-preview":"max-image-preview:large","max-video-preview":"max-video-preview:-1"},"canonical":"https:\/\/www.trans-o-flex.com\/en\/about-us\/leadership\/","og_locale":"en_US","og_type":"article","og_title":"Leadership","og_description":"Here you can find out more about the executive management and supervisory boards of trans-o-flex.","og_url":"https:\/\/www.trans-o-flex.com\/en\/about-us\/leadership\/","og_site_name":"trans-o-flex","article_modified_time":"2026-03-09T09:35:01+00:00","og_image":[{"width":1938,"height":902,"url":"https:\/\/www.trans-o-flex.com\/wp-content\/uploads\/hero-section.jpg","type":"image\/jpeg"}],"twitter_card":"summary_large_image","twitter_misc":{"Est. reading time":"6 minutes"},"schema":{"@context":"https:\/\/schema.org","@graph":[{"@type":"WebPage","@id":"https:\/\/www.trans-o-flex.com\/en\/about-us\/leadership\/","url":"https:\/\/www.trans-o-flex.com\/en\/about-us\/leadership\/","name":"Leadership - trans-o-flex","isPartOf":{"@id":"https:\/\/www.trans-o-flex.com\/en\/#website"},"datePublished":"2019-05-12T14:54:13+00:00","dateModified":"2026-03-09T09:35:01+00:00","description":"Here you can find out more about the executive management and supervisory boards of trans-o-flex.","breadcrumb":{"@id":"https:\/\/www.trans-o-flex.com\/en\/about-us\/leadership\/#breadcrumb"},"inLanguage":"en-US","potentialAction":[{"@type":"ReadAction","target":["https:\/\/www.trans-o-flex.com\/en\/about-us\/leadership\/"]}]},{"@type":"BreadcrumbList","@id":"https:\/\/www.trans-o-flex.com\/en\/about-us\/leadership\/#breadcrumb","itemListElement":[{"@type":"ListItem","position":1,"name":"Home","item":"https:\/\/www.trans-o-flex.com\/en\/"},{"@type":"ListItem","position":2,"name":"About us","item":"https:\/\/www.trans-o-flex.com\/en\/about-us\/"},{"@type":"ListItem","position":3,"name":"Leadership"}]},{"@type":"WebSite","@id":"https:\/\/www.trans-o-flex.com\/en\/#website","url":"https:\/\/www.trans-o-flex.com\/en\/","name":"trans-o-flex","description":"trans-o-flex","publisher":{"@id":"https:\/\/www.trans-o-flex.com\/en\/#organization"},"potentialAction":[{"@type":"SearchAction","target":{"@type":"EntryPoint","urlTemplate":"https:\/\/www.trans-o-flex.com\/en\/?s={search_term_string}"},"query-input":{"@type":"PropertyValueSpecification","valueRequired":true,"valueName":"search_term_string"}}],"inLanguage":"en-US"},{"@type":["Organization","Place"],"@id":"https:\/\/www.trans-o-flex.com\/en\/#organization","name":"trans-o-flex Express GmbH & Co KGaA","url":"https:\/\/www.trans-o-flex.com\/en\/","logo":{"@id":"https:\/\/www.trans-o-flex.com\/en\/about-us\/leadership\/#local-main-organization-logo"},"image":{"@id":"https:\/\/www.trans-o-flex.com\/en\/about-us\/leadership\/#local-main-organization-logo"},"sameAs":["https:\/\/www.instagram.com\/transoflex\/","https:\/\/www.linkedin.com\/company\/trans-o-flex-weinheim","https:\/\/www.youtube.com\/user\/yttransoflex","https:\/\/de.wikipedia.org\/wiki\/trans-o-flex_Express","https:\/\/www.xing.com\/pages\/transoflex"],"telephone":[],"openingHoursSpecification":[{"@type":"OpeningHoursSpecification","dayOfWeek":["Monday","Tuesday","Wednesday","Thursday","Friday","Saturday","Sunday"],"opens":"09:00","closes":"17:00"}]},{"@type":"ImageObject","inLanguage":"en-US","@id":"https:\/\/www.trans-o-flex.com\/en\/about-us\/leadership\/#local-main-organization-logo","url":"https:\/\/www.trans-o-flex.com\/wp-content\/uploads\/trans-o-flex_logo.png","contentUrl":"https:\/\/www.trans-o-flex.com\/wp-content\/uploads\/trans-o-flex_logo.png","width":567,"height":89,"caption":"trans-o-flex Express GmbH & Co KGaA"}]}},"_links":{"self":[{"href":"https:\/\/www.trans-o-flex.com\/en\/wp-json\/wp\/v2\/pages\/5012","targetHints":{"allow":["GET"]}}],"collection":[{"href":"https:\/\/www.trans-o-flex.com\/en\/wp-json\/wp\/v2\/pages"}],"about":[{"href":"https:\/\/www.trans-o-flex.com\/en\/wp-json\/wp\/v2\/types\/page"}],"author":[{"embeddable":true,"href":"https:\/\/www.trans-o-flex.com\/en\/wp-json\/wp\/v2\/users\/1"}],"replies":[{"embeddable":true,"href":"https:\/\/www.trans-o-flex.com\/en\/wp-json\/wp\/v2\/comments?post=5012"}],"version-history":[{"count":7,"href":"https:\/\/www.trans-o-flex.com\/en\/wp-json\/wp\/v2\/pages\/5012\/revisions"}],"predecessor-version":[{"id":107655,"href":"https:\/\/www.trans-o-flex.com\/en\/wp-json\/wp\/v2\/pages\/5012\/revisions\/107655"}],"up":[{"embeddable":true,"href":"https:\/\/www.trans-o-flex.com\/en\/wp-json\/wp\/v2\/pages\/5002"}],"wp:attachment":[{"href":"https:\/\/www.trans-o-flex.com\/en\/wp-json\/wp\/v2\/media?parent=5012"}],"curies":[{"name":"wp","href":"https:\/\/api.w.org\/{rel}","templated":true}]}}