{"id":4982,"date":"2019-05-12T16:53:35","date_gmt":"2019-05-12T14:53:35","guid":{"rendered":"https:\/\/www.trans-o-flex.com\/branchen\/"},"modified":"2023-02-22T09:20:03","modified_gmt":"2023-02-22T08:20:03","slug":"industries","status":"publish","type":"page","link":"https:\/\/www.trans-o-flex.com\/en\/industries\/","title":{"rendered":"Industries"},"content":{"rendered":"<div class=\"wpb-content-wrapper\"><p>[vc_section][vc_row][vc_column][dhsv_vc_intro button=&#8221;url:https%3A%2F%2Fwww.trans-o-flex.com%2Fen%2Fcontact%2F|title:Request%20an%20offer||&#8221; scroll_through=&#8221;true&#8221;]<\/p>\n<h1>Industry-specific solutions:<\/h1>\n<h1>maximum efficiency,<\/h1>\n<h1>first-rate service<\/h1>\n<p>[\/dhsv_vc_intro][\/vc_column][\/vc_row][\/vc_section][vc_section][vc_row][vc_column][dhsv_vc_page_anchors layout=&#8221;overlayed&#8221; anchors=&#8221;%5B%7B%22text%22%3A%22General%22%2C%22section_id%22%3A%22general%22%7D%2C%7B%22text%22%3A%22Industries%22%2C%22section_id%22%3A%22industries%22%7D%2C%7B%22text%22%3A%22GDP%2B%22%2C%22section_id%22%3A%22gdp%22%7D%5D&#8221;][\/vc_column][\/vc_row][\/vc_section][vc_row][vc_column][vc_column_text]<\/p>\n<p>[\/vc_column_text][\/vc_column][\/vc_row][vc_section el_id=&#8221;general&#8221;][vc_row][vc_column][vc_empty_space height=&#8221;100px&#8221; mobile_height=&#8221;30px&#8221; tablet_height=&#8221;60px&#8221;][vc_column_text]<\/p>\n<p class=\"big\">trans-o-flex \u2013 that\u2019s more than four decades of experience and know-how. This is how we know the precise needs and requirements of our customers. On the basis of a highly flexible transport organisation company (= trans-o-flex) and numerous additional services, the Express has developed customised solutions for a wide range of different industries.<\/p>\n<p class=\"big\">In this way, we cater to virtually all the logistics requirements of our customers. And if a solution does not already exist, we\u2019ll develop it for you.<\/p>\n<p class=\"big\">Your advantage \u2013 one partner, with every option available to you. Expect nothing less.<\/p>\n<p>[\/vc_column_text][vc_empty_space height=&#8221;100px&#8221; mobile_height=&#8221;30px&#8221; tablet_height=&#8221;60px&#8221;][\/vc_column][\/vc_row][vc_row disable_element=&#8221;yes&#8221;][vc_column width=&#8221;1\/2&#8243; offset=&#8221;vc_col-md-3&#8243;][dhsv_vc_icon_block icon=&#8221;1864&#8243; title=&#8221;Gezielte Zustellung der Waren&#8221; teaser=&#8221;Unsere Services erm\u00f6glichen eine deutlich fr\u00fchere Verf\u00fcgbarkeit der Ware vor \u00d6ffnungszeit oder Zustellm\u00f6glichkeiten au\u00dferhalb regul\u00e4rer Belieferungsfenster, wie z.B. mit dem Abend-Service oder Samstagservice&#8221;][\/dhsv_vc_icon_block][vc_empty_space height=&#8221;30px&#8221; mobile_height=&#8221;15px&#8221; tablet_height=&#8221;30px&#8221;][\/vc_column][vc_column width=&#8221;1\/2&#8243; offset=&#8221;vc_col-md-3&#8243;][dhsv_vc_icon_block icon=&#8221;1858&#8243; title=&#8221;Expressportfolio&#8221; teaser=&#8221;Nutzen Sie das umfangreichste Expressportfolio aus einer Hand. Mit unseren 10 verschiedene Zeitoptimierte Dienstleistungen erf\u00fcllen wir alle W\u00fcnsche Ihrer Kunden&#8221;][\/dhsv_vc_icon_block][vc_empty_space height=&#8221;30px&#8221; mobile_height=&#8221;15px&#8221; tablet_height=&#8221;30px&#8221;][\/vc_column][vc_column width=&#8221;1\/2&#8243; offset=&#8221;vc_col-md-3&#8243;][dhsv_vc_icon_block icon=&#8221;1876&#8243; title=&#8221;Kombinierbarkeit&#8221; teaser=&#8221;Kombinierbar mit zahlreichen anderen Services, wie z.B. Gefahrg\u00fcter, temperatursensible Waren 2 \u00b0C bis 8 \u00b0C und 15 \u00b0C bis 25 \u00b0C.&#8221;][\/dhsv_vc_icon_block][vc_empty_space height=&#8221;30px&#8221; mobile_height=&#8221;15px&#8221; tablet_height=&#8221;30px&#8221;][\/vc_column][vc_column width=&#8221;1\/2&#8243; offset=&#8221;vc_col-md-3&#8243;][dhsv_vc_icon_block icon=&#8221;1860&#8243; title=&#8221;Fr\u00fchere Verf\u00fcgbarkeit der Ware&#8221; teaser=&#8221;Planbare und deutlich fr\u00fchere Verf\u00fcgbarkeit der Ware f\u00fcr den Empf\u00e4nger mit unserem Ident Express und der Insight-App sind alle am Handeln Beteiligten up to date.&#8221;][\/dhsv_vc_icon_block][vc_empty_space height=&#8221;30px&#8221; mobile_height=&#8221;15px&#8221; tablet_height=&#8221;30px&#8221;][\/vc_column][\/vc_row][\/vc_section][vc_row][vc_column][vc_column_text]<\/p>\n<p>[\/vc_column_text][\/vc_column][\/vc_row][vc_section full_width=&#8221;stretch_row&#8221; css=&#8221;.vc_custom_1596138865410{background-color: #e7ebef !important;}&#8221; el_id=&#8221;industries&#8221;][vc_row][vc_column][vc_empty_space height=&#8221;150px&#8221; mobile_height=&#8221;30px&#8221; tablet_height=&#8221;60px&#8221;][dhsv_vc_section_heading title=&#8221;Solutions for a wide range of industries&#8221;][vc_empty_space height=&#8221;150px&#8221; mobile_height=&#8221;30px&#8221; tablet_height=&#8221;60px&#8221;][\/vc_column][\/vc_row][vc_row][vc_column offset=&#8221;vc_col-md-6&#8243;][dhsv_vc_service_teaser image=&#8221;831&#8243; description=&#8221;Pharma and healthcare logistics&#8221; link=&#8221;url:https%3A%2F%2Fwww.trans-o-flex.com%2Fen%2Findustries%2Fpharmalogistics%2F|title:Pharma&#8221;]With our pharma and healthcare logistics services, we made an indispensable contribution to the provision of the population in Germany with pharmaceuticals, vaccines, diagnostic agents and medical products.[\/dhsv_vc_service_teaser][vc_empty_space height=&#8221;50px&#8221; mobile_height=&#8221;15px&#8221; tablet_height=&#8221;15px&#8221;][\/vc_column][vc_column offset=&#8221;vc_col-md-6&#8243;][dhsv_vc_service_teaser image=&#8221;833&#8243; description=&#8221;Logistics for the consumer electronics market&#8221; link=&#8221;url:https%3A%2F%2Fwww.trans-o-flex.com%2Fen%2Findustries%2Flogistics-for-entertainment-and-household-electronics%2F|title:Entertainment%20and%20household%20electronics&#8221;]The large number of different factors and specialities of our systems combine to create the special features of our solutions for the entertainment and consumer electronics market.[\/dhsv_vc_service_teaser][vc_empty_space height=&#8221;50px&#8221; mobile_height=&#8221;15px&#8221; tablet_height=&#8221;15px&#8221;][\/vc_column][\/vc_row][vc_row][vc_column offset=&#8221;vc_col-md-6&#8243;][dhsv_vc_service_teaser image=&#8221;2116&#8243; description=&#8221;Cosmetics logistics&#8221; link=&#8221;url:https%3A%2F%2Fwww.trans-o-flex.com%2Fen%2Findustries%2Fcosmetics-logistcs%2F|title:Cosmetics&#8221;]The flexibility of our system, our special, careful sorting technology and safe handling combine to make us highly sought-after logistics partners particularly for breakable, high-quality cosmetic goods, which are often packaged in glass.[\/dhsv_vc_service_teaser][vc_empty_space height=&#8221;50px&#8221; mobile_height=&#8221;15px&#8221; tablet_height=&#8221;15px&#8221;][\/vc_column][vc_column offset=&#8221;vc_col-md-6&#8243;][dhsv_vc_service_teaser image=&#8221;2114&#8243; description=&#8221;Retail logistics&#8221; link=&#8221;url:https%3A%2F%2Fwww.trans-o-flex.com%2Fen%2Findustries%2Fretaillogistics%2F|title:Retail&#8221;]With the trans-o-flex Retail Logistics service, we relieve the workload of your sales staff on site by delivering for example merchandise, shop fittings and advertising material on time as a parcel or pallet into your own branch offices or those of your customers.[\/dhsv_vc_service_teaser][vc_empty_space height=&#8221;50px&#8221; mobile_height=&#8221;15px&#8221; tablet_height=&#8221;15px&#8221;][\/vc_column][\/vc_row][vc_row full_width=&#8221;stretch_row&#8221;][vc_column][vc_empty_space height=&#8221;150px&#8221; mobile_height=&#8221;15px&#8221; tablet_height=&#8221;15px&#8221;][\/vc_column][\/vc_row][\/vc_section][vc_section el_id=&#8221;gdp&#8221;][vc_row][vc_column][vc_empty_space height=&#8221;150px&#8221; mobile_height=&#8221;15px&#8221; tablet_height=&#8221;15px&#8221;][dhsv_vc_template_element template_id=&#8221;1653&#8243;][\/vc_column][\/vc_row][\/vc_section][vc_section][vc_row][vc_column][dhsv_vc_template_element template_id=&#8221;1678&#8243;][\/vc_column][\/vc_row][\/vc_section][vc_section][vc_row full_width=&#8221;stretch_row_content_no_spaces&#8221;][vc_column][dhsv_vc_template_element template_id=&#8221;16026&#8243;][\/vc_column][\/vc_row][\/vc_section]<\/p>\n<\/div>","protected":false},"excerpt":{"rendered":"<p>[vc_section][vc_row][vc_column][dhsv_vc_intro button=&#8221;url:https%3A%2F%2Fwww.trans-o-flex.com%2Fen%2Fcontact%2F|title:Request%20an%20offer||&#8221; scroll_through=&#8221;true&#8221;] Industry-specific solutions: maximum efficiency, first-rate service [\/dhsv_vc_intro][\/vc_column][\/vc_row][\/vc_section][vc_section][vc_row][vc_column][dhsv_vc_page_anchors layout=&#8221;overlayed&#8221; anchors=&#8221;%5B%7B%22text%22%3A%22General%22%2C%22section_id%22%3A%22general%22%7D%2C%7B%22text%22%3A%22Industries%22%2C%22section_id%22%3A%22industries%22%7D%2C%7B%22text%22%3A%22GDP%2B%22%2C%22section_id%22%3A%22gdp%22%7D%5D&#8221;][\/vc_column][\/vc_row][\/vc_section][vc_row][vc_column][vc_column_text] [\/vc_column_text][\/vc_column][\/vc_row][vc_section el_id=&#8221;general&#8221;][vc_row][vc_column][vc_empty_space height=&#8221;100px&#8221; mobile_height=&#8221;30px&#8221; tablet_height=&#8221;60px&#8221;][vc_column_text] trans-o-flex \u2013 that\u2019s more than four decades of experience and know-how. This is how we know the precise needs and requirements of our customers. On the basis of a highly flexible transport organisation company (= trans-o-flex) and numerous &hellip; <a href=\"https:\/\/www.trans-o-flex.com\/en\/industries\/\">Continued<\/a><\/p>\n","protected":false},"author":1,"featured_media":2418,"parent":0,"menu_order":80,"comment_status":"closed","ping_status":"closed","template":"","meta":{"_acf_changed":false,"footnotes":""},"class_list":["post-4982","page","type-page","status-publish","has-post-thumbnail","hentry"],"acf":[],"yoast_head":"<!-- This site is optimized with the Yoast SEO Premium plugin v26.9 (Yoast SEO v26.9) - https:\/\/yoast.com\/product\/yoast-seo-premium-wordpress\/ -->\n<title>Industries - trans-o-flex<\/title>\n<meta name=\"description\" content=\"Express shipping \u2713 Logistics &amp; Transport \u2713 Pharma Logistics \u2713 (15\u00b0-25\u00b0C) Ambient and (2\u00b0-8\u00b0C) Thermo Express Services \u2713\" \/>\n<meta name=\"robots\" content=\"index, follow, max-snippet:-1, max-image-preview:large, max-video-preview:-1\" \/>\n<link rel=\"canonical\" href=\"https:\/\/www.trans-o-flex.com\/en\/industries\/\" \/>\n<meta property=\"og:locale\" content=\"en_US\" \/>\n<meta property=\"og:type\" content=\"article\" \/>\n<meta property=\"og:title\" content=\"Industries\" \/>\n<meta property=\"og:description\" content=\"Express shipping \u2713 Logistics &amp; Transport \u2713 Pharma Logistics \u2713 (15\u00b0-25\u00b0C) Ambient and (2\u00b0-8\u00b0C) Thermo Express Services \u2713\" \/>\n<meta property=\"og:url\" content=\"https:\/\/www.trans-o-flex.com\/en\/industries\/\" \/>\n<meta property=\"og:site_name\" content=\"trans-o-flex\" \/>\n<meta property=\"article:modified_time\" content=\"2023-02-22T08:20:03+00:00\" \/>\n<meta property=\"og:image\" content=\"https:\/\/www.trans-o-flex.com\/wp-content\/uploads\/Header16.jpg\" \/>\n\t<meta property=\"og:image:width\" content=\"2000\" \/>\n\t<meta property=\"og:image:height\" content=\"780\" \/>\n\t<meta property=\"og:image:type\" content=\"image\/jpeg\" \/>\n<meta name=\"twitter:card\" content=\"summary_large_image\" \/>\n<meta name=\"twitter:label1\" content=\"Est. reading time\" \/>\n\t<meta name=\"twitter:data1\" content=\"2 minutes\" \/>\n<!-- \/ Yoast SEO Premium plugin. -->","yoast_head_json":{"title":"Industries - trans-o-flex","description":"Express shipping \u2713 Logistics & Transport \u2713 Pharma Logistics \u2713 (15\u00b0-25\u00b0C) Ambient and (2\u00b0-8\u00b0C) Thermo Express Services \u2713","robots":{"index":"index","follow":"follow","max-snippet":"max-snippet:-1","max-image-preview":"max-image-preview:large","max-video-preview":"max-video-preview:-1"},"canonical":"https:\/\/www.trans-o-flex.com\/en\/industries\/","og_locale":"en_US","og_type":"article","og_title":"Industries","og_description":"Express shipping \u2713 Logistics & Transport \u2713 Pharma Logistics \u2713 (15\u00b0-25\u00b0C) Ambient and (2\u00b0-8\u00b0C) Thermo Express Services \u2713","og_url":"https:\/\/www.trans-o-flex.com\/en\/industries\/","og_site_name":"trans-o-flex","article_modified_time":"2023-02-22T08:20:03+00:00","og_image":[{"width":2000,"height":780,"url":"https:\/\/www.trans-o-flex.com\/wp-content\/uploads\/Header16.jpg","type":"image\/jpeg"}],"twitter_card":"summary_large_image","twitter_misc":{"Est. reading time":"2 minutes"},"schema":{"@context":"https:\/\/schema.org","@graph":[{"@type":"WebPage","@id":"https:\/\/www.trans-o-flex.com\/en\/industries\/","url":"https:\/\/www.trans-o-flex.com\/en\/industries\/","name":"Industries - trans-o-flex","isPartOf":{"@id":"https:\/\/www.trans-o-flex.com\/en\/#website"},"primaryImageOfPage":{"@id":"https:\/\/www.trans-o-flex.com\/en\/industries\/#primaryimage"},"image":{"@id":"https:\/\/www.trans-o-flex.com\/en\/industries\/#primaryimage"},"thumbnailUrl":"https:\/\/www.trans-o-flex.com\/wp-content\/uploads\/Header16.jpg","datePublished":"2019-05-12T14:53:35+00:00","dateModified":"2023-02-22T08:20:03+00:00","description":"Express shipping \u2713 Logistics & Transport \u2713 Pharma Logistics \u2713 (15\u00b0-25\u00b0C) Ambient and (2\u00b0-8\u00b0C) Thermo Express Services \u2713","breadcrumb":{"@id":"https:\/\/www.trans-o-flex.com\/en\/industries\/#breadcrumb"},"inLanguage":"en-US","potentialAction":[{"@type":"ReadAction","target":["https:\/\/www.trans-o-flex.com\/en\/industries\/"]}]},{"@type":"ImageObject","inLanguage":"en-US","@id":"https:\/\/www.trans-o-flex.com\/en\/industries\/#primaryimage","url":"https:\/\/www.trans-o-flex.com\/wp-content\/uploads\/Header16.jpg","contentUrl":"https:\/\/www.trans-o-flex.com\/wp-content\/uploads\/Header16.jpg","width":2000,"height":780,"caption":"Ein Mann auf der Arbet der Ware mit dem Scanner kosmissioniert"},{"@type":"BreadcrumbList","@id":"https:\/\/www.trans-o-flex.com\/en\/industries\/#breadcrumb","itemListElement":[{"@type":"ListItem","position":1,"name":"Home","item":"https:\/\/www.trans-o-flex.com\/en\/"},{"@type":"ListItem","position":2,"name":"Industries"}]},{"@type":"WebSite","@id":"https:\/\/www.trans-o-flex.com\/en\/#website","url":"https:\/\/www.trans-o-flex.com\/en\/","name":"trans-o-flex","description":"trans-o-flex","publisher":{"@id":"https:\/\/www.trans-o-flex.com\/en\/#organization"},"potentialAction":[{"@type":"SearchAction","target":{"@type":"EntryPoint","urlTemplate":"https:\/\/www.trans-o-flex.com\/en\/?s={search_term_string}"},"query-input":{"@type":"PropertyValueSpecification","valueRequired":true,"valueName":"search_term_string"}}],"inLanguage":"en-US"},{"@type":["Organization","Place"],"@id":"https:\/\/www.trans-o-flex.com\/en\/#organization","name":"trans-o-flex Express GmbH & Co KGaA","url":"https:\/\/www.trans-o-flex.com\/en\/","logo":{"@id":"https:\/\/www.trans-o-flex.com\/en\/industries\/#local-main-organization-logo"},"image":{"@id":"https:\/\/www.trans-o-flex.com\/en\/industries\/#local-main-organization-logo"},"sameAs":["https:\/\/www.instagram.com\/transoflex\/","https:\/\/www.linkedin.com\/company\/trans-o-flex-weinheim","https:\/\/www.youtube.com\/user\/yttransoflex","https:\/\/de.wikipedia.org\/wiki\/trans-o-flex_Express","https:\/\/www.xing.com\/pages\/transoflex"],"telephone":[],"openingHoursSpecification":[{"@type":"OpeningHoursSpecification","dayOfWeek":["Monday","Tuesday","Wednesday","Thursday","Friday","Saturday","Sunday"],"opens":"09:00","closes":"17:00"}]},{"@type":"ImageObject","inLanguage":"en-US","@id":"https:\/\/www.trans-o-flex.com\/en\/industries\/#local-main-organization-logo","url":"https:\/\/www.trans-o-flex.com\/wp-content\/uploads\/trans-o-flex_logo.png","contentUrl":"https:\/\/www.trans-o-flex.com\/wp-content\/uploads\/trans-o-flex_logo.png","width":567,"height":89,"caption":"trans-o-flex Express GmbH & Co KGaA"}]}},"_links":{"self":[{"href":"https:\/\/www.trans-o-flex.com\/en\/wp-json\/wp\/v2\/pages\/4982","targetHints":{"allow":["GET"]}}],"collection":[{"href":"https:\/\/www.trans-o-flex.com\/en\/wp-json\/wp\/v2\/pages"}],"about":[{"href":"https:\/\/www.trans-o-flex.com\/en\/wp-json\/wp\/v2\/types\/page"}],"author":[{"embeddable":true,"href":"https:\/\/www.trans-o-flex.com\/en\/wp-json\/wp\/v2\/users\/1"}],"replies":[{"embeddable":true,"href":"https:\/\/www.trans-o-flex.com\/en\/wp-json\/wp\/v2\/comments?post=4982"}],"version-history":[{"count":5,"href":"https:\/\/www.trans-o-flex.com\/en\/wp-json\/wp\/v2\/pages\/4982\/revisions"}],"predecessor-version":[{"id":16031,"href":"https:\/\/www.trans-o-flex.com\/en\/wp-json\/wp\/v2\/pages\/4982\/revisions\/16031"}],"wp:featuredmedia":[{"embeddable":true,"href":"https:\/\/www.trans-o-flex.com\/en\/wp-json\/wp\/v2\/media\/2418"}],"wp:attachment":[{"href":"https:\/\/www.trans-o-flex.com\/en\/wp-json\/wp\/v2\/media?parent=4982"}],"curies":[{"name":"wp","href":"https:\/\/api.w.org\/{rel}","templated":true}]}}