{"id":14528,"date":"2022-09-08T10:10:24","date_gmt":"2022-09-08T08:10:24","guid":{"rendered":"https:\/\/www.trans-o-flex.com\/?page_id=14528"},"modified":"2022-09-08T10:14:22","modified_gmt":"2022-09-08T08:14:22","slug":"new-site-in-saxony-boosts-capacity-efficiency-and-sustainability","status":"publish","type":"page","link":"https:\/\/www.trans-o-flex.com\/en\/about-us\/new-site-in-saxony-boosts-capacity-efficiency-and-sustainability\/","title":{"rendered":"New trans-o-flex site in Saxony boosts capacity, efficiency and sustainability"},"content":{"rendered":"<div class=\"wpb-content-wrapper\"><p>[vc_row][vc_column][dhsv_vc_intro hio=&#8221;true&#8221; htac=&#8221;true&#8221; decoration=&#8221;true&#8221;][\/dhsv_vc_intro][dhsv_vc_page_anchors layout=&#8221;overlayed&#8221; anchors=&#8221;%5B%7B%22text%22%3A%22Location%20Wildenfels%22%2C%22section_id%22%3A%22Wildenfels%22%7D%2C%7B%22text%22%3A%22Benefits%22%2C%22section_id%22%3A%22Benefits%22%7D%5D&#8221;][\/vc_column][\/vc_row][vc_row el_id=&#8221;Wildenfels&#8221;][vc_column][vc_empty_space height=&#8221;150px&#8221;][vc_column_text]<\/p>\n<div class=\"block block_txt article \">\n<p class=\"h2\">A strong system for a healthy economy<\/p>\n<\/div>\n<div class=\"block block_button article \"><\/div>\n<p>[\/vc_column_text][vc_empty_space height=&#8221;50px&#8221;][vc_column_text]<\/p>\n<p class=\"big\">The new location in Saxony helps trans-o-flex to implement express transports and logistics solutions for the healthcare, cosmetics and consumer electronics sectors as well as for other high-quality and sensitive goods at the highest level, even with increasing volumes. In the process, trans-o-flex is opening a highly efficient sorting center in Wildenfels that also sets ecological standards. A good example of how economic efficiency and environmental protection can go hand in hand.<\/p>\n<p>[\/vc_column_text][vc_empty_space height=&#8221;50px&#8221;][vc_empty_space height=&#8221;50px&#8221;][vc_row_inner][vc_column_inner width=&#8221;1\/2&#8243;][vc_empty_space][vc_empty_space][vc_column_text]<\/p>\n<p class=\"big\"><span style=\"color: #f27e00;\"><strong>HIGH ECOLOGICAL STANDARDS<\/strong><\/span><\/p>\n<p class=\"big\">The temperature control of the plant is achieved by an ecologically and economically favorable combination of free cooling via supply air grilles and exhaust air fans as well as an air conditioning system. At the same time, a high level of thermal insulation reduces operating costs and climate pollution.\u00a0Heating is provided by gas-fired dark radiators. LED lights ensure sustainable workplace safety. A special piping system collects, filters and releases rainwater in a controlled manner to relieve the strain on the local sewer system. Charging points for employees&#8217; electric vehicles and connections for electric charging of delivery vehicles are provided.<\/p>\n<p>[\/vc_column_text][\/vc_column_inner][vc_column_inner width=&#8221;1\/2&#8243;][vc_empty_space][vc_empty_space][vc_single_image image=&#8221;14532&#8243; img_size=&#8221;large&#8221; alignment=&#8221;right&#8221;][\/vc_column_inner][\/vc_row_inner][\/vc_column][\/vc_row][vc_row][vc_column width=&#8221;1\/2&#8243;][vc_empty_space][vc_empty_space][vc_single_image image=&#8221;14536&#8243; img_size=&#8221;full&#8221; alignment=&#8221;right&#8221;][vc_empty_space][\/vc_column][vc_column width=&#8221;1\/2&#8243;][vc_empty_space height=&#8221;50px&#8221;][vc_empty_space height=&#8221;50px&#8221;][vc_column_text]<\/p>\n<p class=\"h2\"><span style=\"color: #f27e00;\">FAST AND EFFICIENT<\/span><\/p>\n<p>[\/vc_column_text][vc_column_text]<\/p>\n<p class=\"big\">On the 30,000-square-meter site, the special Y-shape of the building ensures low space requirements with high handling performance. The 5,000-square-meter transshipment hall, with a total of 99 gates, enables fast loading and unloading. The new branch is both a transshipment center for trans-o-flex ThermoMed (2 to 8 degrees Celsius) and for trans-o-flex Express with its untempered and actively tempered shipments in the ambient range (15 to 25 degrees Celsius).<\/p>\n<p>[\/vc_column_text][vc_empty_space height=&#8221;30px&#8221;][\/vc_column][\/vc_row][vc_row][vc_column width=&#8221;1\/2&#8243;][vc_empty_space height=&#8221;50px&#8221;][vc_empty_space height=&#8221;50px&#8221;][vc_column_text]<\/p>\n<p class=\"h2\"><span style=\"color: #f27e00;\">FOR THE REGION AND FOR THE INDUSTRY<\/span><\/p>\n<p>[\/vc_column_text][vc_column_text]<\/p>\n<p class=\"big\">In cooperation with schools and universities, we are creating a state-of-the-art training facility. Investments in employee training ensure the future viability of our company, the region and the logistics industry.<\/p>\n<p>[\/vc_column_text][vc_empty_space height=&#8221;30px&#8221;][\/vc_column][vc_column width=&#8221;1\/2&#8243;][vc_empty_space height=&#8221;50px&#8221;][vc_single_image image=&#8221;14541&#8243; img_size=&#8221;large&#8221;][vc_empty_space height=&#8221;30px&#8221;][\/vc_column][\/vc_row][vc_row][vc_column][vc_empty_space][vc_empty_space][vc_empty_space][\/vc_column][\/vc_row][vc_row content_placement=&#8221;middle&#8221; el_id=&#8221;Benefits&#8221;][vc_column][vc_column_text]<\/p>\n<p class=\"h2\">&#8220;When it comes to express shipping of my sensitive goods<br \/>\nI only trust trans-o-flex.&#8221;<\/p>\n<p>[\/vc_column_text][vc_empty_space][vc_column_text]<\/p>\n<p class=\"big h2\"><span style=\"color: #f27e00;\">A NATIONWIDE LOGISTICS NETWORK<\/span><\/p>\n<p class=\"big\">trans-o-flex has been covering the entire logistics chain from warehousing and distribution to fulfillment for 50 years. Customers in the pharmaceutical, cosmetics, high-tech and consumer electronics industries benefit equally from the high GDP standards for security, cleanliness, reliability and transparency.<\/p>\n<p>[\/vc_column_text][vc_empty_space][\/vc_column][\/vc_row][vc_row][vc_column width=&#8221;2\/3&#8243;][vc_single_image image=&#8221;14556&#8243; img_size=&#8221;large&#8221; alignment=&#8221;center&#8221;][\/vc_column][vc_column width=&#8221;1\/3&#8243;][vc_empty_space][vc_empty_space][vc_column_text]<\/p>\n<p class=\"h1\" style=\"text-align: center;\"><strong><span style=\"color: #f27e00;\"><i>We are at your door!<br \/>\n<\/i><\/span><\/strong><\/p>\n<p class=\"big\" style=\"text-align: center;\">New trans-o-flex location in Wildenfels<\/p>\n<p>[\/vc_column_text][vc_single_image image=&#8221;1128&#8243; img_size=&#8221;large&#8221; alignment=&#8221;center&#8221;][\/vc_column][\/vc_row][vc_row][vc_column][vc_empty_space][\/vc_column][\/vc_row][vc_row][vc_column][vc_column_text]<\/p>\n<p class=\"h2\"><strong><span style=\"color: #f27e00;\">Your benefits<\/span><\/strong><\/p>\n<p class=\"big\">trans-o-flex is the No. 1 logistics partner for the transport of high-value and sensitive goods.<\/p>\n<p class=\"big\">Benefit from our services<\/p>\n<p>[\/vc_column_text][vc_empty_space][vc_single_image image=&#8221;14675&#8243; img_size=&#8221;full&#8221; alignment=&#8221;center&#8221;][\/vc_column][\/vc_row][vc_row content_placement=&#8221;middle&#8221; disable_element=&#8221;yes&#8221;][vc_column width=&#8221;1\/3&#8243;][dhsv_vc_icon_block icon=&#8221;8920&#8243; title=&#8221;EXPRESS&#8221; teaser=&#8221;Schneller Versand mit einer Laufzeit von weniger als 24 Stunden und mit \u00fcber zehn verschiedenen Services.&#8221;][\/dhsv_vc_icon_block][dhsv_vc_icon_block icon=&#8221;8891&#8243; title=&#8221;DIGITALE KOMPETENZ&#8221; teaser=&#8221;Transparente Prozesse mittels Control-Tower und trans-o-flex eigener my.tof-Applikation.&#8221;][\/dhsv_vc_icon_block][\/vc_column][vc_column width=&#8221;1\/3&#8243;][dhsv_vc_icon_block icon=&#8221;8937&#8243; title=&#8221;H\u00d6CHSTE SICHERHEIT&#8221; teaser=&#8221;Professioneller Umgang mit der Ware, u. a.<br \/>\nmittels spezieller Sortieranlagen<br \/>\nund temperierten Hallen.&#8221;][\/dhsv_vc_icon_block][vc_single_image image=&#8221;1128&#8243;][\/vc_column][vc_column width=&#8221;1\/3&#8243;][dhsv_vc_icon_block icon=&#8221;8925&#8243; title=&#8221;GEFAHRGUT-KOMPETENZ&#8221; teaser=&#8221;Sicherer Transport von sensiblen und hochwertigen G\u00fctern s\u00e4mtlicher Gefahrgutklassen (au\u00dfer Klasse 1).&#8221;][\/dhsv_vc_icon_block][dhsv_vc_icon_block icon=&#8221;1874&#8243; title=&#8221;KOMBIFRACHT&#8221; teaser=&#8221;Flexibler Service von<br \/>\nPaketen und Paletten.&#8221;][\/dhsv_vc_icon_block][\/vc_column][\/vc_row][vc_row][vc_column][vc_row_inner content_placement=&#8221;middle&#8221;][vc_column_inner][vc_empty_space][vc_empty_space][\/vc_column_inner][\/vc_row_inner][dhsv_vc_template_element template_id=&#8221;1925&#8243;][\/vc_column][\/vc_row]<\/p>\n<\/div>","protected":false},"excerpt":{"rendered":"<p>[vc_row][vc_column][dhsv_vc_intro hio=&#8221;true&#8221; htac=&#8221;true&#8221; decoration=&#8221;true&#8221;][\/dhsv_vc_intro][dhsv_vc_page_anchors layout=&#8221;overlayed&#8221; anchors=&#8221;%5B%7B%22text%22%3A%22Location%20Wildenfels%22%2C%22section_id%22%3A%22Wildenfels%22%7D%2C%7B%22text%22%3A%22Benefits%22%2C%22section_id%22%3A%22Benefits%22%7D%5D&#8221;][\/vc_column][\/vc_row][vc_row el_id=&#8221;Wildenfels&#8221;][vc_column][vc_empty_space height=&#8221;150px&#8221;][vc_column_text] A strong system for a healthy economy [\/vc_column_text][vc_empty_space height=&#8221;50px&#8221;][vc_column_text] The new location in Saxony helps trans-o-flex to implement express transports and logistics solutions for the healthcare, cosmetics and consumer electronics sectors as well as for other high-quality and sensitive goods at the highest level, even with increasing &hellip; <a href=\"https:\/\/www.trans-o-flex.com\/en\/about-us\/new-site-in-saxony-boosts-capacity-efficiency-and-sustainability\/\">Continued<\/a><\/p>\n","protected":false},"author":7,"featured_media":14617,"parent":5002,"menu_order":56,"comment_status":"closed","ping_status":"closed","template":"","meta":{"_acf_changed":false,"footnotes":""},"class_list":["post-14528","page","type-page","status-publish","has-post-thumbnail","hentry"],"acf":[],"yoast_head":"<!-- This site is optimized with the Yoast SEO Premium plugin v27.3 (Yoast SEO v27.3) - https:\/\/yoast.com\/product\/yoast-seo-premium-wordpress\/ -->\n<title>New trans-o-flex site in Saxony boosts capacity, efficiency and sustainability - trans-o-flex<\/title>\n<meta name=\"description\" content=\"New trans-o-flex site in Saxony boosts capacity, efficiency and sustainability\" \/>\n<meta name=\"robots\" content=\"index, follow, max-snippet:-1, max-image-preview:large, max-video-preview:-1\" \/>\n<link rel=\"canonical\" href=\"https:\/\/www.trans-o-flex.com\/en\/about-us\/new-site-in-saxony-boosts-capacity-efficiency-and-sustainability\/\" \/>\n<meta property=\"og:locale\" content=\"en_US\" \/>\n<meta property=\"og:type\" content=\"article\" \/>\n<meta property=\"og:title\" content=\"New trans-o-flex site in Saxony boosts capacity, efficiency and sustainability\" \/>\n<meta property=\"og:description\" content=\"New trans-o-flex site in Saxony boosts capacity, efficiency and sustainability\" \/>\n<meta property=\"og:url\" content=\"https:\/\/www.trans-o-flex.com\/en\/about-us\/new-site-in-saxony-boosts-capacity-efficiency-and-sustainability\/\" \/>\n<meta property=\"og:site_name\" content=\"trans-o-flex\" \/>\n<meta property=\"article:modified_time\" content=\"2022-09-08T08:14:22+00:00\" \/>\n<meta property=\"og:image\" content=\"https:\/\/www.trans-o-flex.com\/wp-content\/uploads\/027-scaled.jpg\" \/>\n\t<meta property=\"og:image:width\" content=\"2560\" \/>\n\t<meta property=\"og:image:height\" content=\"1707\" \/>\n\t<meta property=\"og:image:type\" content=\"image\/jpeg\" \/>\n<meta name=\"twitter:card\" content=\"summary_large_image\" \/>\n<meta name=\"twitter:image\" content=\"https:\/\/www.trans-o-flex.com\/wp-content\/uploads\/027-scaled.jpg\" \/>\n<meta name=\"twitter:label1\" content=\"Est. reading time\" \/>\n\t<meta name=\"twitter:data1\" content=\"5 minutes\" \/>\n<!-- \/ Yoast SEO Premium plugin. -->","yoast_head_json":{"title":"New trans-o-flex site in Saxony boosts capacity, efficiency and sustainability - trans-o-flex","description":"New trans-o-flex site in Saxony boosts capacity, efficiency and sustainability","robots":{"index":"index","follow":"follow","max-snippet":"max-snippet:-1","max-image-preview":"max-image-preview:large","max-video-preview":"max-video-preview:-1"},"canonical":"https:\/\/www.trans-o-flex.com\/en\/about-us\/new-site-in-saxony-boosts-capacity-efficiency-and-sustainability\/","og_locale":"en_US","og_type":"article","og_title":"New trans-o-flex site in Saxony boosts capacity, efficiency and sustainability","og_description":"New trans-o-flex site in Saxony boosts capacity, efficiency and sustainability","og_url":"https:\/\/www.trans-o-flex.com\/en\/about-us\/new-site-in-saxony-boosts-capacity-efficiency-and-sustainability\/","og_site_name":"trans-o-flex","article_modified_time":"2022-09-08T08:14:22+00:00","og_image":[{"width":2560,"height":1707,"url":"https:\/\/www.trans-o-flex.com\/wp-content\/uploads\/027-scaled.jpg","type":"image\/jpeg"}],"twitter_card":"summary_large_image","twitter_image":"https:\/\/www.trans-o-flex.com\/wp-content\/uploads\/027-scaled.jpg","twitter_misc":{"Est. reading time":"5 minutes"},"schema":{"@context":"https:\/\/schema.org","@graph":[{"@type":"WebPage","@id":"https:\/\/www.trans-o-flex.com\/en\/about-us\/new-site-in-saxony-boosts-capacity-efficiency-and-sustainability\/","url":"https:\/\/www.trans-o-flex.com\/en\/about-us\/new-site-in-saxony-boosts-capacity-efficiency-and-sustainability\/","name":"New trans-o-flex site in Saxony boosts capacity, efficiency and sustainability - trans-o-flex","isPartOf":{"@id":"https:\/\/www.trans-o-flex.com\/en\/#website"},"primaryImageOfPage":{"@id":"https:\/\/www.trans-o-flex.com\/en\/about-us\/new-site-in-saxony-boosts-capacity-efficiency-and-sustainability\/#primaryimage"},"image":{"@id":"https:\/\/www.trans-o-flex.com\/en\/about-us\/new-site-in-saxony-boosts-capacity-efficiency-and-sustainability\/#primaryimage"},"thumbnailUrl":"https:\/\/www.trans-o-flex.com\/wp-content\/uploads\/Gruppe_1_Montage_look-scaled.jpg","datePublished":"2022-09-08T08:10:24+00:00","dateModified":"2022-09-08T08:14:22+00:00","description":"New trans-o-flex site in Saxony boosts capacity, efficiency and sustainability","breadcrumb":{"@id":"https:\/\/www.trans-o-flex.com\/en\/about-us\/new-site-in-saxony-boosts-capacity-efficiency-and-sustainability\/#breadcrumb"},"inLanguage":"en-US","potentialAction":[{"@type":"ReadAction","target":["https:\/\/www.trans-o-flex.com\/en\/about-us\/new-site-in-saxony-boosts-capacity-efficiency-and-sustainability\/"]}]},{"@type":"ImageObject","inLanguage":"en-US","@id":"https:\/\/www.trans-o-flex.com\/en\/about-us\/new-site-in-saxony-boosts-capacity-efficiency-and-sustainability\/#primaryimage","url":"https:\/\/www.trans-o-flex.com\/wp-content\/uploads\/Gruppe_1_Montage_look-scaled.jpg","contentUrl":"https:\/\/www.trans-o-flex.com\/wp-content\/uploads\/Gruppe_1_Montage_look-scaled.jpg","width":2560,"height":1463,"caption":"trans-o-flex Fuhrpark"},{"@type":"BreadcrumbList","@id":"https:\/\/www.trans-o-flex.com\/en\/about-us\/new-site-in-saxony-boosts-capacity-efficiency-and-sustainability\/#breadcrumb","itemListElement":[{"@type":"ListItem","position":1,"name":"Home","item":"https:\/\/www.trans-o-flex.com\/en\/"},{"@type":"ListItem","position":2,"name":"About us","item":"https:\/\/www.trans-o-flex.com\/en\/about-us\/"},{"@type":"ListItem","position":3,"name":"New trans-o-flex site in Saxony boosts capacity, efficiency and sustainability"}]},{"@type":"WebSite","@id":"https:\/\/www.trans-o-flex.com\/en\/#website","url":"https:\/\/www.trans-o-flex.com\/en\/","name":"trans-o-flex","description":"trans-o-flex","publisher":{"@id":"https:\/\/www.trans-o-flex.com\/en\/#organization"},"potentialAction":[{"@type":"SearchAction","target":{"@type":"EntryPoint","urlTemplate":"https:\/\/www.trans-o-flex.com\/en\/?s={search_term_string}"},"query-input":{"@type":"PropertyValueSpecification","valueRequired":true,"valueName":"search_term_string"}}],"inLanguage":"en-US"},{"@type":["Organization","Place"],"@id":"https:\/\/www.trans-o-flex.com\/en\/#organization","name":"trans-o-flex Express GmbH & Co KGaA","url":"https:\/\/www.trans-o-flex.com\/en\/","logo":{"@id":"https:\/\/www.trans-o-flex.com\/en\/about-us\/new-site-in-saxony-boosts-capacity-efficiency-and-sustainability\/#local-main-organization-logo"},"image":{"@id":"https:\/\/www.trans-o-flex.com\/en\/about-us\/new-site-in-saxony-boosts-capacity-efficiency-and-sustainability\/#local-main-organization-logo"},"sameAs":["https:\/\/www.instagram.com\/transoflex\/","https:\/\/www.linkedin.com\/company\/trans-o-flex-weinheim","https:\/\/www.youtube.com\/user\/yttransoflex","https:\/\/de.wikipedia.org\/wiki\/trans-o-flex_Express","https:\/\/www.xing.com\/pages\/transoflex"],"telephone":[],"openingHoursSpecification":[{"@type":"OpeningHoursSpecification","dayOfWeek":["Monday","Tuesday","Wednesday","Thursday","Friday","Saturday","Sunday"],"opens":"09:00","closes":"17:00"}]},{"@type":"ImageObject","inLanguage":"en-US","@id":"https:\/\/www.trans-o-flex.com\/en\/about-us\/new-site-in-saxony-boosts-capacity-efficiency-and-sustainability\/#local-main-organization-logo","url":"https:\/\/www.trans-o-flex.com\/wp-content\/uploads\/trans-o-flex_logo.png","contentUrl":"https:\/\/www.trans-o-flex.com\/wp-content\/uploads\/trans-o-flex_logo.png","width":567,"height":89,"caption":"trans-o-flex Express GmbH & Co KGaA"}]}},"_links":{"self":[{"href":"https:\/\/www.trans-o-flex.com\/en\/wp-json\/wp\/v2\/pages\/14528","targetHints":{"allow":["GET"]}}],"collection":[{"href":"https:\/\/www.trans-o-flex.com\/en\/wp-json\/wp\/v2\/pages"}],"about":[{"href":"https:\/\/www.trans-o-flex.com\/en\/wp-json\/wp\/v2\/types\/page"}],"author":[{"embeddable":true,"href":"https:\/\/www.trans-o-flex.com\/en\/wp-json\/wp\/v2\/users\/7"}],"replies":[{"embeddable":true,"href":"https:\/\/www.trans-o-flex.com\/en\/wp-json\/wp\/v2\/comments?post=14528"}],"version-history":[{"count":4,"href":"https:\/\/www.trans-o-flex.com\/en\/wp-json\/wp\/v2\/pages\/14528\/revisions"}],"predecessor-version":[{"id":14724,"href":"https:\/\/www.trans-o-flex.com\/en\/wp-json\/wp\/v2\/pages\/14528\/revisions\/14724"}],"up":[{"embeddable":true,"href":"https:\/\/www.trans-o-flex.com\/en\/wp-json\/wp\/v2\/pages\/5002"}],"wp:featuredmedia":[{"embeddable":true,"href":"https:\/\/www.trans-o-flex.com\/en\/wp-json\/wp\/v2\/media\/14617"}],"wp:attachment":[{"href":"https:\/\/www.trans-o-flex.com\/en\/wp-json\/wp\/v2\/media?parent=14528"}],"curies":[{"name":"wp","href":"https:\/\/api.w.org\/{rel}","templated":true}]}}