{"id":108006,"date":"2026-02-04T14:10:55","date_gmt":"2026-02-04T13:10:55","guid":{"rendered":"https:\/\/www.trans-o-flex.com\/temperaturgefuehrte-logistik-mit-system\/"},"modified":"2026-03-18T13:20:26","modified_gmt":"2026-03-18T12:20:26","slug":"logistics-optimisation-for-pharmaceutical-logistics-professionels","status":"publish","type":"page","link":"https:\/\/www.trans-o-flex.com\/en\/logistics-optimisation-for-pharmaceutical-logistics-professionels\/","title":{"rendered":"Logistics optimisation for pharmaceutical logistics professionels"},"content":{"rendered":"<div class=\"wpb-content-wrapper\"><p>[vc_row][vc_column][dhsv_vc_intro mobile_image=&#8221;2188&#8243; decoration=&#8221;true&#8221;]<\/p>\n<h1>Temperaturgef\u00fchrte Logistik mit System<\/h1>\n<p>[\/dhsv_vc_intro][\/vc_column][\/vc_row][vc_section][vc_row][vc_column][vc_empty_space height=&#8221;75px&#8221; mobile_height=&#8221;30px&#8221; tablet_height=&#8221;60px&#8221;][vc_column_text css=&#8221;&#8221;]<\/p>\n<p class=\"big\" data-path-to-node=\"1\">Beim Umgang mit temperaturempfindlichen Produkten ist das Vertrauen in die Erfahrung und Expertise von Profis unerl\u00e4sslich. Ganz gleich, welche Anforderungen Sie an den sicheren und schnellen Transport Ihrer sensiblen Waren stellen: Mit trans-o-flex steht Ihnen ein Partner zur Seite, der die strikte Einhaltung beh\u00f6rdlicher Vorgaben garantiert und Ihre G\u00fcter regelkonform ans Ziel bringt.<\/p>\n<ul>\n<li class=\"big\" data-path-to-node=\"2,0,0\"><b data-path-to-node=\"2,0,0\" data-index-in-node=\"0\">Individuelle Betreuung:<\/b> Wir bieten Ihnen eine pers\u00f6nliche und fachkompetente Beratung auf Augenh\u00f6he.<\/li>\n<li class=\"big\" data-path-to-node=\"2,0,0\"><b data-path-to-node=\"2,1,0\" data-index-in-node=\"0\">Ma\u00dfgeschneiderte L\u00f6sungen:<\/b> Wir entwickeln und implementieren Konzepte, die exakt auf Ihre spezifischen Logistikbedarfe zugeschnitten sind.<\/li>\n<li class=\"big\" data-path-to-node=\"2,0,0\"><b data-path-to-node=\"2,2,0\" data-index-in-node=\"0\">H\u00f6chste Sicherheit:<\/b> Wir garantieren fundierte Erfahrung bei der pr\u00e4zisen Einhaltung der definierten Temperaturkorridore.<\/li>\n<li class=\"big\" data-path-to-node=\"2,0,0\"><b data-path-to-node=\"2,3,0\" data-index-in-node=\"0\">Grenz\u00fcberschreitende Reichweite:<\/b> Mit unserem aktiv gesteuerten Netzwerk erm\u00f6glichen wir die Pharma-Distribution in den Bereichen 2 \u00b0C bis 8 \u00b0C sowie 15 \u00b0C bis 25 \u00b0C. Dies leisten wir fl\u00e4chendeckend in Deutschland und \u00d6sterreich sowie \u00fcber unser Eurotemp-Netzwerk in den Niederlanden, Belgien, Luxemburg und Frankreich.<\/li>\n<\/ul>\n<p>[\/vc_column_text][vc_empty_space height=&#8221;75px&#8221; mobile_height=&#8221;30px&#8221; tablet_height=&#8221;60px&#8221;][\/vc_column][\/vc_row][vc_row][vc_column width=&#8221;1\/4&#8243;][dhsv_vc_icon_block icon=&#8221;2951&#8243; title=&#8221;Aktive Temperaturf\u00fchrung&#8221; teaser=&#8221;Die aktive Temperaturf\u00fchrung gew\u00e4hrleistet eine konstante Innentemperatur, die vollst\u00e4ndig unabh\u00e4ngig von \u00e4u\u00dferen Witterungsbedingungen ist. Im Gegensatz zum Passivversand sind keine zus\u00e4tzlichen Hilfsmittel erforderlich. Da auf aufwendige Spezialverpackungen verzichtet werden kann, erweist sich der aktive Transport nicht nur als kosteneffizient, sondern schont auch Ressourcen \u2013 f\u00fcr eine nachhaltige und umweltbewusste Logistikbilanz.&#8221;][\/dhsv_vc_icon_block][vc_empty_space height=&#8221;30px&#8221; mobile_height=&#8221;15px&#8221; tablet_height=&#8221;30px&#8221;][\/vc_column][vc_column width=&#8221;1\/4&#8243;][dhsv_vc_icon_block icon=&#8221;2949&#8243; title=&#8221;L\u00fcckenlose Daten-Erfassung&#8221; teaser=&#8221;trans-o-flex ist darauf ausgerichtet, die Temperaturkorridore von 2 \u00b0C bis 8 \u00b0C sowie 15 \u00b0C bis 25 \u00b0C \u00fcber die gesamte Transportkette hinweg \u2013 inklusive Umschlag und Zwischenlagerung \u2013 stabil zu halten. Der Temperaturverlauf wird hierbei l\u00fcckenlos elektronisch erfasst sowie manipulationssicher dokumentiert und gespeichert. Dieses System erm\u00f6glicht eine \u00dcberwachung, die konsequent an den strengen GDP-Anforderungen ausgerichtet ist.&#8221;][\/dhsv_vc_icon_block][vc_empty_space height=&#8221;30px&#8221; mobile_height=&#8221;15px&#8221; tablet_height=&#8221;30px&#8221;][\/vc_column][vc_column width=&#8221;1\/4&#8243;][dhsv_vc_icon_block icon=&#8221;1884&#8243; title=&#8221;Nutzung von Standardverpackung&#8221; teaser=&#8221;Der Versand Ihrer Waren kann in Standardverpackungen erfolgen, da Isolierbeh\u00e4lter und K\u00fchlakkus nicht ben\u00f6tigt werden. Damit entf\u00e4llt die aufwendige Retouren-Logistik f\u00fcr das Leergut, was unmittelbar zur Reduzierung Ihrer Total Cost of Ownership (TCO) beitr\u00e4gt.&#8221;][\/dhsv_vc_icon_block][vc_empty_space height=&#8221;30px&#8221; mobile_height=&#8221;15px&#8221; tablet_height=&#8221;30px&#8221;][\/vc_column][vc_column width=&#8221;1\/4&#8243;][dhsv_vc_icon_block icon=&#8221;2964&#8243; title=&#8221;Unabh\u00e4ngigkeit vom Versandtag&#8221; teaser=&#8221;Die aktive Temperaturf\u00fchrung erm\u00f6glicht eine flexible Planung Ihrer Versandtage. Auch bei einer \u00dcbernahme am Freitag ist das System darauf ausgelegt, die Ware am n\u00e4chsten Werktag im korrekten Temperaturbereich zuzustellen. W\u00e4hrend des gesamten Wochenendes findet dabei eine l\u00fcckenlose \u00dcberwachung der Sendungen statt.&#8221;][\/dhsv_vc_icon_block][vc_empty_space height=&#8221;30px&#8221; mobile_height=&#8221;15px&#8221; tablet_height=&#8221;30px&#8221;][\/vc_column][\/vc_row][\/vc_section][vc_section full_width=&#8221;stretch_row&#8221; section_background=&#8221;bg-gradient-gray&#8221;][vc_row][vc_column][vc_empty_space height=&#8221;100px&#8221; mobile_height=&#8221;30px&#8221; tablet_height=&#8221;60px&#8221;][vc_column_text css=&#8221;&#8221;]<\/p>\n<h2>Profitieren Sie von Inhalten, die genau zu Ihrem Kundenstatus passen.<\/h2>\n<p>&nbsp;<\/p>\n<p class=\"big\">Um Ihnen die bestm\u00f6gliche Beratung und genau die Inhalte bieten zu k\u00f6nnen, die f\u00fcr Ihre aktuelle Situation relevant sind, ben\u00f6tigen wir eine kurze Selbsteinsch\u00e4tzung: In welcher Beziehung stehen Sie derzeit zu uns?<\/p>\n<p class=\"big\">Bitte w\u00e4hlen Sie eine Option aus!<\/p>\n<p>[\/vc_column_text][\/vc_column][\/vc_row][vc_row][vc_column][vc_empty_space height=&#8221;50px&#8221; mobile_height=&#8221;10px&#8221; tablet_height=&#8221;25px&#8221;][\/vc_column][vc_column width=&#8221;1\/3&#8243;][dhsv_vc_button title=&#8221;Ja, ich bin Kunde (l\u00e4nger als 1 Jahr)&#8221; link=&#8221;url:https%3A%2F%2Fwww.trans-o-flex.com%2Faktive-pharmalogistik%2Fihre-logistik-im-fokus-gemeinsam-den-naechsten-schritt-gehen%2F|title:Gemeinsam%20den%20n%C3%A4chsten%20Schritt%20gehen!|target:_blank&#8221; type=&#8221;primary&#8221; alignment=&#8221;left&#8221;][\/vc_column][vc_column width=&#8221;1\/3&#8243;][dhsv_vc_button title=&#8221;Ja, ich bin Kunde (k\u00fcrzer als 1 Jahr)&#8221; link=&#8221;url:https%3A%2F%2Fwww.trans-o-flex.com%2Faktive-pharmalogistik%2Fihre-pharmalogistik-gemeinsam-standards-setzen%2F|title:Gemeinsam%20Standards%20setzen|target:_blank&#8221; type=&#8221;primary&#8221; alignment=&#8221;left&#8221;][\/vc_column][vc_column width=&#8221;1\/3&#8243;][dhsv_vc_button title=&#8221;Ich bin noch kein Kunde&#8221; link=&#8221;url:https%3A%2F%2Fwww.trans-o-flex.com%2Faktive-pharmalogistik%2Fder-naechste-schritt-zu-ihrer-zuverlaessigen-pharmalogistik%2F|title:Der%20n%C3%A4chste%20Schritt%20zu%20Ihrer%20zuverl%C3%A4ssigen%20Pharmalogistik&#8221; type=&#8221;primary&#8221; alignment=&#8221;left&#8221;][\/vc_column][\/vc_row][vc_row][vc_column][vc_empty_space height=&#8221;50px&#8221; mobile_height=&#8221;10px&#8221; tablet_height=&#8221;30px&#8221;][\/vc_column][\/vc_row][\/vc_section][vc_section][vc_row][vc_column][vc_empty_space height=&#8221;100px&#8221; mobile_height=&#8221;30px&#8221; tablet_height=&#8221;60px&#8221;][dhsv_vc_section_heading title=&#8221;Spezielle Anforderungsbereiche&#8221;][vc_empty_space height=&#8221;50px&#8221; mobile_height=&#8221;10px&#8221; tablet_height=&#8221;25px&#8221;][\/vc_column][\/vc_row][vc_row][vc_column width=&#8221;1\/3&#8243;][dhsv_vc_service_teaser image=&#8221;831&#8243; label=&#8221;783&#8243; description=&#8221;Health Express ist die L\u00f6sung f\u00fcr alle medizinischen Waren, die unabh\u00e4ngig vom Temperaturbereich gelagert, transportiert und ausgeliefert werden m\u00fcssen.&#8221; layout=&#8221;column&#8221;][\/dhsv_vc_service_teaser][\/vc_column][vc_column width=&#8221;1\/3&#8243;][dhsv_vc_service_teaser image=&#8221;835&#8243; label=&#8221;787&#8243; description=&#8221;Thermo Express gibt die perfekte Antwort auf die GDP-Anforderungen f\u00fcr den Transport temperatursensibler Arzneimittel im Bereich zwischen 2 \u00b0C und 8 \u00b0C.&#8221; link=&#8221;title:2%20%C2%B0C%20bis%208%20%C2%B0C&#8221; layout=&#8221;column&#8221;][\/dhsv_vc_service_teaser][\/vc_column][vc_column width=&#8221;1\/3&#8243;][dhsv_vc_service_teaser image=&#8221;829&#8243; label=&#8221;789&#8243; description=&#8221;Ambient Express ist die effiziente trans-o-flex-L\u00f6sung f\u00fcr den schnellen und zuverl\u00e4ssigen Transport temperatursensibler Arzneimittel im Bereich von 15 \u00b0C bis 25 \u00b0C im gesamten Bundesgebiet.&#8221; link=&#8221;title:15%20%C2%B0C%20bis%2025%20%C2%B0C&#8221; layout=&#8221;column&#8221;][\/dhsv_vc_service_teaser][\/vc_column][\/vc_row][\/vc_section][vc_row][vc_column][dhsv_vc_template_element template_id=&#8221;103548&#8243;][\/vc_column][\/vc_row]<\/p>\n<\/div>","protected":false},"excerpt":{"rendered":"<p>[vc_row][vc_column][dhsv_vc_intro mobile_image=&#8221;2188&#8243; decoration=&#8221;true&#8221;] Temperaturgef\u00fchrte Logistik mit System [\/dhsv_vc_intro][\/vc_column][\/vc_row][vc_section][vc_row][vc_column][vc_empty_space height=&#8221;75px&#8221; mobile_height=&#8221;30px&#8221; tablet_height=&#8221;60px&#8221;][vc_column_text css=&#8221;&#8221;] Beim Umgang mit temperaturempfindlichen Produkten ist das Vertrauen in die Erfahrung und Expertise von Profis unerl\u00e4sslich. Ganz gleich, welche Anforderungen Sie an den sicheren und schnellen Transport Ihrer sensiblen Waren stellen: Mit trans-o-flex steht Ihnen ein Partner zur Seite, der die strikte Einhaltung &hellip; <a href=\"https:\/\/www.trans-o-flex.com\/en\/logistics-optimisation-for-pharmaceutical-logistics-professionels\/\">Continued<\/a><\/p>\n","protected":false},"author":26,"featured_media":2189,"parent":0,"menu_order":0,"comment_status":"closed","ping_status":"closed","template":"","meta":{"_acf_changed":false,"footnotes":""},"class_list":["post-108006","page","type-page","status-publish","has-post-thumbnail","hentry"],"acf":[],"yoast_head":"<!-- This site is optimized with the Yoast SEO Premium plugin v26.9 (Yoast SEO v26.9) - https:\/\/yoast.com\/product\/yoast-seo-premium-wordpress\/ -->\n<title>Logistics optimisation for pharmaceutical logistics professionels - trans-o-flex<\/title>\n<meta name=\"description\" content=\"Sichere Pharmalogistik bei trans-o-flex: Aktive K\u00fchlkette, GDP-Konformit\u00e4t und h\u00f6chste Zuverl\u00e4ssigkeit. Optimieren Sie jetzt Ihren Versand hochsensibler G\u00fcter.\" \/>\n<meta name=\"robots\" content=\"noindex, follow\" \/>\n<meta property=\"og:locale\" content=\"en_US\" \/>\n<meta property=\"og:type\" content=\"article\" \/>\n<meta property=\"og:title\" content=\"Logistics optimisation for pharmaceutical logistics professionels\" \/>\n<meta property=\"og:description\" content=\"Sichere Pharmalogistik bei trans-o-flex: Aktive K\u00fchlkette, GDP-Konformit\u00e4t und h\u00f6chste Zuverl\u00e4ssigkeit. Optimieren Sie jetzt Ihren Versand hochsensibler G\u00fcter.\" \/>\n<meta property=\"og:url\" content=\"https:\/\/www.trans-o-flex.com\/en\/logistics-optimisation-for-pharmaceutical-logistics-professionels\/\" \/>\n<meta property=\"og:site_name\" content=\"trans-o-flex\" \/>\n<meta property=\"article:modified_time\" content=\"2026-03-18T12:20:26+00:00\" \/>\n<meta property=\"og:image\" content=\"https:\/\/www.trans-o-flex.com\/wp-content\/uploads\/trans-o-flex_header4.jpg\" \/>\n\t<meta property=\"og:image:width\" content=\"1600\" \/>\n\t<meta property=\"og:image:height\" content=\"624\" \/>\n\t<meta property=\"og:image:type\" content=\"image\/jpeg\" \/>\n<meta name=\"twitter:card\" content=\"summary_large_image\" \/>\n<meta name=\"twitter:label1\" content=\"Est. reading time\" \/>\n\t<meta name=\"twitter:data1\" content=\"4 minutes\" \/>\n<!-- \/ Yoast SEO Premium plugin. -->","yoast_head_json":{"title":"Logistics optimisation for pharmaceutical logistics professionels - trans-o-flex","description":"Sichere Pharmalogistik bei trans-o-flex: Aktive K\u00fchlkette, GDP-Konformit\u00e4t und h\u00f6chste Zuverl\u00e4ssigkeit. Optimieren Sie jetzt Ihren Versand hochsensibler G\u00fcter.","robots":{"index":"noindex","follow":"follow"},"og_locale":"en_US","og_type":"article","og_title":"Logistics optimisation for pharmaceutical logistics professionels","og_description":"Sichere Pharmalogistik bei trans-o-flex: Aktive K\u00fchlkette, GDP-Konformit\u00e4t und h\u00f6chste Zuverl\u00e4ssigkeit. Optimieren Sie jetzt Ihren Versand hochsensibler G\u00fcter.","og_url":"https:\/\/www.trans-o-flex.com\/en\/logistics-optimisation-for-pharmaceutical-logistics-professionels\/","og_site_name":"trans-o-flex","article_modified_time":"2026-03-18T12:20:26+00:00","og_image":[{"width":1600,"height":624,"url":"https:\/\/www.trans-o-flex.com\/wp-content\/uploads\/trans-o-flex_header4.jpg","type":"image\/jpeg"}],"twitter_card":"summary_large_image","twitter_misc":{"Est. reading time":"4 minutes"},"schema":{"@context":"https:\/\/schema.org","@graph":[{"@type":"WebPage","@id":"https:\/\/www.trans-o-flex.com\/en\/logistics-optimisation-for-pharmaceutical-logistics-professionels\/","url":"https:\/\/www.trans-o-flex.com\/en\/logistics-optimisation-for-pharmaceutical-logistics-professionels\/","name":"Logistics optimisation for pharmaceutical logistics professionels - trans-o-flex","isPartOf":{"@id":"https:\/\/www.trans-o-flex.com\/en\/#website"},"primaryImageOfPage":{"@id":"https:\/\/www.trans-o-flex.com\/en\/logistics-optimisation-for-pharmaceutical-logistics-professionels\/#primaryimage"},"image":{"@id":"https:\/\/www.trans-o-flex.com\/en\/logistics-optimisation-for-pharmaceutical-logistics-professionels\/#primaryimage"},"thumbnailUrl":"https:\/\/www.trans-o-flex.com\/wp-content\/uploads\/trans-o-flex_header4.jpg","datePublished":"2026-02-04T13:10:55+00:00","dateModified":"2026-03-18T12:20:26+00:00","description":"Sichere Pharmalogistik bei trans-o-flex: Aktive K\u00fchlkette, GDP-Konformit\u00e4t und h\u00f6chste Zuverl\u00e4ssigkeit. Optimieren Sie jetzt Ihren Versand hochsensibler G\u00fcter.","breadcrumb":{"@id":"https:\/\/www.trans-o-flex.com\/en\/logistics-optimisation-for-pharmaceutical-logistics-professionels\/#breadcrumb"},"inLanguage":"en-US","potentialAction":[{"@type":"ReadAction","target":["https:\/\/www.trans-o-flex.com\/en\/logistics-optimisation-for-pharmaceutical-logistics-professionels\/"]}]},{"@type":"ImageObject","inLanguage":"en-US","@id":"https:\/\/www.trans-o-flex.com\/en\/logistics-optimisation-for-pharmaceutical-logistics-professionels\/#primaryimage","url":"https:\/\/www.trans-o-flex.com\/wp-content\/uploads\/trans-o-flex_header4.jpg","contentUrl":"https:\/\/www.trans-o-flex.com\/wp-content\/uploads\/trans-o-flex_header4.jpg","width":1600,"height":624,"caption":"trans-o-flex Sprinter"},{"@type":"BreadcrumbList","@id":"https:\/\/www.trans-o-flex.com\/en\/logistics-optimisation-for-pharmaceutical-logistics-professionels\/#breadcrumb","itemListElement":[{"@type":"ListItem","position":1,"name":"Home","item":"https:\/\/www.trans-o-flex.com\/en\/"},{"@type":"ListItem","position":2,"name":"Logistics optimisation for pharmaceutical logistics professionels"}]},{"@type":"WebSite","@id":"https:\/\/www.trans-o-flex.com\/en\/#website","url":"https:\/\/www.trans-o-flex.com\/en\/","name":"trans-o-flex","description":"trans-o-flex","publisher":{"@id":"https:\/\/www.trans-o-flex.com\/en\/#organization"},"potentialAction":[{"@type":"SearchAction","target":{"@type":"EntryPoint","urlTemplate":"https:\/\/www.trans-o-flex.com\/en\/?s={search_term_string}"},"query-input":{"@type":"PropertyValueSpecification","valueRequired":true,"valueName":"search_term_string"}}],"inLanguage":"en-US"},{"@type":["Organization","Place"],"@id":"https:\/\/www.trans-o-flex.com\/en\/#organization","name":"trans-o-flex Express GmbH & Co KGaA","url":"https:\/\/www.trans-o-flex.com\/en\/","logo":{"@id":"https:\/\/www.trans-o-flex.com\/en\/logistics-optimisation-for-pharmaceutical-logistics-professionels\/#local-main-organization-logo"},"image":{"@id":"https:\/\/www.trans-o-flex.com\/en\/logistics-optimisation-for-pharmaceutical-logistics-professionels\/#local-main-organization-logo"},"sameAs":["https:\/\/www.instagram.com\/transoflex\/","https:\/\/www.linkedin.com\/company\/trans-o-flex-weinheim","https:\/\/www.youtube.com\/user\/yttransoflex","https:\/\/de.wikipedia.org\/wiki\/trans-o-flex_Express","https:\/\/www.xing.com\/pages\/transoflex"],"telephone":[],"openingHoursSpecification":[{"@type":"OpeningHoursSpecification","dayOfWeek":["Monday","Tuesday","Wednesday","Thursday","Friday","Saturday","Sunday"],"opens":"09:00","closes":"17:00"}]},{"@type":"ImageObject","inLanguage":"en-US","@id":"https:\/\/www.trans-o-flex.com\/en\/logistics-optimisation-for-pharmaceutical-logistics-professionels\/#local-main-organization-logo","url":"https:\/\/www.trans-o-flex.com\/wp-content\/uploads\/trans-o-flex_logo.png","contentUrl":"https:\/\/www.trans-o-flex.com\/wp-content\/uploads\/trans-o-flex_logo.png","width":567,"height":89,"caption":"trans-o-flex Express GmbH & Co KGaA"}]}},"_links":{"self":[{"href":"https:\/\/www.trans-o-flex.com\/en\/wp-json\/wp\/v2\/pages\/108006","targetHints":{"allow":["GET"]}}],"collection":[{"href":"https:\/\/www.trans-o-flex.com\/en\/wp-json\/wp\/v2\/pages"}],"about":[{"href":"https:\/\/www.trans-o-flex.com\/en\/wp-json\/wp\/v2\/types\/page"}],"author":[{"embeddable":true,"href":"https:\/\/www.trans-o-flex.com\/en\/wp-json\/wp\/v2\/users\/26"}],"replies":[{"embeddable":true,"href":"https:\/\/www.trans-o-flex.com\/en\/wp-json\/wp\/v2\/comments?post=108006"}],"version-history":[{"count":1,"href":"https:\/\/www.trans-o-flex.com\/en\/wp-json\/wp\/v2\/pages\/108006\/revisions"}],"predecessor-version":[{"id":108007,"href":"https:\/\/www.trans-o-flex.com\/en\/wp-json\/wp\/v2\/pages\/108006\/revisions\/108007"}],"wp:featuredmedia":[{"embeddable":true,"href":"https:\/\/www.trans-o-flex.com\/en\/wp-json\/wp\/v2\/media\/2189"}],"wp:attachment":[{"href":"https:\/\/www.trans-o-flex.com\/en\/wp-json\/wp\/v2\/media?parent=108006"}],"curies":[{"name":"wp","href":"https:\/\/api.w.org\/{rel}","templated":true}]}}